{"id":62,"date":"2018-03-18T01:03:33","date_gmt":"2018-03-18T00:03:33","guid":{"rendered":"http:\/\/www.quest-shop.at\/metalldetektorblog\/at\/?page_id=62"},"modified":"2018-03-18T01:09:23","modified_gmt":"2018-03-18T00:09:23","slug":"quest-metalldetektoren-kaufen-in-oesterreich","status":"publish","type":"page","link":"https:\/\/www.quest-shop.at\/metalldetektorblog\/at\/quest-metalldetektoren-kaufen-in-oesterreich\/","title":{"rendered":"Quest Metalldetektoren kaufen in \u00d6sterreich"},"content":{"rendered":"<p>Sie sind auf der Suche nach einem Fachgesch\u00e4ft f\u00fcr Quest Metalldetektoren? In \u00d6sterreich gibt es nur einige wenige Fachgesch\u00e4fte die Metalldetektoren in ihrem Warenangebot haben. <strong>In aller Regel werden Metalldetektoren \u00fcber den Versandhandel bezogen.<\/strong> Wir beliefern via DHL fl\u00e4chendeckend ganz \u00d6sterreich. Da wir die Ware grunds\u00e4tzlich direkt auf Lager haben, startet der Versand direkt nach Zahlungseingang. Selbstverst\u00e4ndlich liefern auch auf Nachnahme. Sie zahlen dann bequem beim Postboten.  <\/p>\n<p><a href=\"https:\/\/www.quest-shop.at\"><img decoding=\"async\" loading=\"lazy\" src=\"https:\/\/www.quest-shop.at\/metalldetektorblog\/at\/wp-content\/uploads\/2018\/03\/questbutton.jpg\" alt=\"Quest Metalldetektor kaufen\" width=\"283\" height=\"45\" class=\"alignnone size-full wp-image-49\" srcset=\"https:\/\/www.quest-shop.at\/metalldetektorblog\/at\/wp-content\/uploads\/2018\/03\/questbutton.jpg 283w, https:\/\/www.quest-shop.at\/metalldetektorblog\/at\/wp-content\/uploads\/2018\/03\/questbutton-150x24.jpg 150w\" sizes=\"(max-width: 283px) 100vw, 283px\" \/><\/a><\/p>\n<p>Unsere Kunden kommen unter anderem aus Wien, Graz, Linz, Salzburg, Innsbruck, Bregenz, Klagenfurt, Wels, Feldkirch, Leoben, Villach, St. P\u00f6lten, Wiener Neustadt, Steyr, V\u00f6cklabruck, Knittelfeld, Gmunden, Amstetten, Krems an der Donau, Wolfsberg, Spittal an der Drau, Bludenz, Eisenstadt, Voitsberg, Ried im Innkreis, W\u00f6rgl, Lienz, Braunau am Inn, Leibnitz, Weiz, Kufstein, Schwaz, St. Johann im Pongau und Ternitz.<\/p>\n<p><a href=\"https:\/\/www.quest-shop.at\/shop.pl?product=show&#038;id=bunqproxpointerpro-a\"><br \/>\n<img decoding=\"async\" loading=\"lazy\" src=\"https:\/\/www.quest-shop.at\/metalldetektorblog\/at\/wp-content\/uploads\/2018\/03\/bunqproxpointerpro_metalldetektor_quest_pro_xpointer_pro_b11-600x400.jpg\" alt=\"Quest PRO mit Xpointer\" width=\"600\" height=\"400\" class=\"alignnone size-medium wp-image-65\" srcset=\"https:\/\/www.quest-shop.at\/metalldetektorblog\/at\/wp-content\/uploads\/2018\/03\/bunqproxpointerpro_metalldetektor_quest_pro_xpointer_pro_b11-600x400.jpg 600w, https:\/\/www.quest-shop.at\/metalldetektorblog\/at\/wp-content\/uploads\/2018\/03\/bunqproxpointerpro_metalldetektor_quest_pro_xpointer_pro_b11-300x200.jpg 300w, https:\/\/www.quest-shop.at\/metalldetektorblog\/at\/wp-content\/uploads\/2018\/03\/bunqproxpointerpro_metalldetektor_quest_pro_xpointer_pro_b11-150x100.jpg 150w, https:\/\/www.quest-shop.at\/metalldetektorblog\/at\/wp-content\/uploads\/2018\/03\/bunqproxpointerpro_metalldetektor_quest_pro_xpointer_pro_b11.jpg 750w\" sizes=\"(max-width: 600px) 100vw, 600px\" \/><\/a><\/p>\n","protected":false},"excerpt":{"rendered":"<p>Sie sind auf der Suche nach einem Fachgesch\u00e4ft f\u00fcr Quest Metalldetektoren? In \u00d6sterreich gibt es nur einige wenige Fachgesch\u00e4fte die Metalldetektoren in ihrem Warenangebot haben. In aller Regel werden Metalldetektoren \u00fcber den Versandhandel bezogen. Wir beliefern via DHL fl\u00e4chendeckend ganz \u00d6sterreich. Da wir die Ware grunds\u00e4tzlich direkt auf Lager haben, startet der Versand direkt nach Zahlungseingang. Selbstverst\u00e4ndlich liefern auch auf Nachnahme. Sie zahlen dann bequem beim Postboten. Unsere Kunden kommen unter anderem aus Wien, Graz, Linz, Salzburg, Innsbruck, Bregenz, Klagenfurt, Wels, Feldkirch, Leoben, Villach, St. P\u00f6lten, Wiener Neustadt, Steyr, V\u00f6cklabruck, Knittelfeld, Gmunden, Amstetten, Krems an der Donau, Wolfsberg, Spittal an\u2026<\/p>\n<p class=\"continue-reading-button\"> <a class=\"continue-reading-link\" href=\"https:\/\/www.quest-shop.at\/metalldetektorblog\/at\/quest-metalldetektoren-kaufen-in-oesterreich\/\">Weiterlesen&#8230;<i class=\"crycon-right-dir\"><\/i><\/a><\/p>\n","protected":false},"author":1,"featured_media":0,"parent":0,"menu_order":0,"comment_status":"closed","ping_status":"closed","template":"","meta":[],"_links":{"self":[{"href":"https:\/\/www.quest-shop.at\/metalldetektorblog\/at\/wp-json\/wp\/v2\/pages\/62"}],"collection":[{"href":"https:\/\/www.quest-shop.at\/metalldetektorblog\/at\/wp-json\/wp\/v2\/pages"}],"about":[{"href":"https:\/\/www.quest-shop.at\/metalldetektorblog\/at\/wp-json\/wp\/v2\/types\/page"}],"author":[{"embeddable":true,"href":"https:\/\/www.quest-shop.at\/metalldetektorblog\/at\/wp-json\/wp\/v2\/users\/1"}],"replies":[{"embeddable":true,"href":"https:\/\/www.quest-shop.at\/metalldetektorblog\/at\/wp-json\/wp\/v2\/comments?post=62"}],"version-history":[{"count":5,"href":"https:\/\/www.quest-shop.at\/metalldetektorblog\/at\/wp-json\/wp\/v2\/pages\/62\/revisions"}],"predecessor-version":[{"id":68,"href":"https:\/\/www.quest-shop.at\/metalldetektorblog\/at\/wp-json\/wp\/v2\/pages\/62\/revisions\/68"}],"wp:attachment":[{"href":"https:\/\/www.quest-shop.at\/metalldetektorblog\/at\/wp-json\/wp\/v2\/media?parent=62"}],"curies":[{"name":"wp","href":"https:\/\/api.w.org\/{rel}","templated":true}]}}